{"id":21,"date":"2019-07-05T19:52:42","date_gmt":"2019-07-05T19:52:42","guid":{"rendered":"http:\/\/krines.org\/?page_id=21"},"modified":"2019-07-05T19:52:42","modified_gmt":"2019-07-05T19:52:42","slug":"impressum","status":"publish","type":"page","link":"http:\/\/krines.org\/?page_id=21","title":{"rendered":"Impressum"},"content":{"rendered":"\n<p>Stephan Krines<br> E-Mail: webmaster@krines.org<br> Homepage: www.krines.org<\/p>\n\n\n\n<h3 class=\"wp-block-heading\">Haftungsausschluss<\/h3>\n\n\n\n<h5 class=\"wp-block-heading\">1. Inhalt des Onlineangebotes<\/h5>\n\n\n\n<p>Der Autor \u00fcbernimmt keinerlei Gew\u00e4hr f\u00fcr \ndie Aktualit\u00e4t, Korrektheit, Vollst\u00e4ndigkeit oder Qualit\u00e4t der \nbereitgestellten Informationen. Haftungsanspr\u00fcche gegen den Autor, \nwelche sich auf Sch\u00e4den materieller oder ideeller Art beziehen, die \ndurch die Nutzung oder Nichtnutzung der dargebotenen Informationen bzw. \ndurch die Nutzung fehlerhafter und unvollst\u00e4ndiger Informationen \nverursacht wurden, sind grunds\u00e4tzlich ausgeschlossen, sofern seitens des\n Autors kein nachweislich vors\u00e4tzliches oder grob fahrl\u00e4ssiges \nVerschulden vorliegt. Alle Angebote sind freibleibend und unverbindlich.\n Der Autor beh\u00e4lt es sich ausdr\u00fccklich vor, Teile der Seiten oder das \ngesamte Angebot ohne gesonderte Ank\u00fcndigung zu ver\u00e4ndern, zu erg\u00e4nzen, \nzu l\u00f6schen oder die Ver\u00f6ffentlichung zeitweise oder endg\u00fcltig \neinzustellen.<\/p>\n\n\n\n<h5 class=\"wp-block-heading\">2. Verweise und Links<\/h5>\n\n\n\n<p>Bei direkten oder indirekten Verweisen auf \nfremde Webseiten (\u201cHyperlinks\u201d), die au\u00dferhalb des \nVerantwortungsbereiches des Autors liegen, w\u00fcrde eine \nHaftungsverpflichtung ausschlie\u00dflich in dem Fall in Kraft treten, in dem\n der Autor von den Inhalten Kenntnis hat und es ihm technisch m\u00f6glich \nund zumutbar w\u00e4re, die Nutzung im Falle rechtswidriger Inhalte zu \nverhindern. Der Autor erkl\u00e4rt hiermit ausdr\u00fccklich, dass zum Zeitpunkt \nder Linksetzung keine illegalen Inhalte auf den zu verlinkenden Seiten \nerkennbar waren. Auf die aktuelle und zuk\u00fcnftige Gestaltung, die Inhalte\n oder die Urheberschaft der gelinkten\/verkn\u00fcpften Seiten hat der Autor \nkeinerlei Einfluss. Deshalb distanziert er sich hiermit ausdr\u00fccklich von\n allen Inhalten aller gelinkten \/ verkn\u00fcpften Seiten, die nach der \nLinksetzung ver\u00e4ndert wurden. Diese Feststellung gilt f\u00fcr alle innerhalb\n des eigenen Internetangebotes gesetzten Links und Verweise sowie f\u00fcr \nFremdeintr\u00e4ge in vom Autor eingerichteten G\u00e4steb\u00fcchern, Diskussionsforen\n und Mailinglisten. F\u00fcr illegale, fehlerhafte oder unvollst\u00e4ndige \nInhalte und insbesondere f\u00fcr Sch\u00e4den, die aus der Nutzung oder \nNichtnutzung solcherart dargebotener Informationen entstehen, haftet \nallein der Anbieter der Seite, auf welche verwiesen wurde, nicht \nderjenige, der \u00fcber Links auf die jeweilige Ver\u00f6ffentlichung lediglich \nverweist.<\/p>\n\n\n\n<h5 class=\"wp-block-heading\">3. Urheber- und Kennzeichenrecht<\/h5>\n\n\n\n<p>Der Autor ist bestrebt, in allen \nPublikationen die Urheberrechte der verwendeten Grafiken, Tondokumente, \nVideosequenzen und Texte zu beachten, von ihm selbst erstellte Grafiken,\n Tondokumente, Videosequenzen und Texte zu nutzen oder auf lizenzfreie \nGrafiken, Tondokumente, Videosequenzen und Texte zur\u00fcckzugreifen. Alle \ninnerhalb des Internetangebotes genannten und ggf. durch Dritte \ngesch\u00fctzten Marken- und Warenzeichen unterliegen uneingeschr\u00e4nkt den \nBestimmungen des jeweils g\u00fcltigen Kennzeichenrechts und den \nBesitzrechten der jeweiligen eingetragenen Eigent\u00fcmer. Allein aufgrund \nder blo\u00dfen Nennung ist nicht der Schluss zu ziehen, dass Markenzeichen \nnicht durch Rechte Dritter gesch\u00fctzt sind! Das Copyright f\u00fcr \nver\u00f6ffentlichte, vom Autor selbst erstellte Objekte bleibt allein beim \nAutor der Seiten. Eine Vervielf\u00e4ltigung oder Verwendung solcher \nGrafiken, Tondokumente, Videosequenzen und Texte in anderen \nelektronischen oder gedruckten Publikationen ist ohne ausdr\u00fcckliche \nZustimmung des Autors nicht gestattet.<\/p>\n\n\n\n<h5 class=\"wp-block-heading\">4. Datenschutz<\/h5>\n\n\n\n<p>Sofern innerhalb des Internetangebotes die \nM\u00f6glichkeit zur Eingabe pers\u00f6nlicher oder gesch\u00e4ftlicher Daten \n(Emailadressen, Namen, Anschriften) besteht, so erfolgt die Preisgabe \ndieser Daten seitens des Nutzers auf ausdr\u00fccklich freiwilliger Basis. \nDie Inanspruchnahme und Bezahlung aller angebotenen Dienste ist \u2013 soweit\n technisch m\u00f6glich und zumutbar \u2013 auch ohne Angabe solcher Daten bzw. \nunter Angabe anonymisierter Daten oder eines Pseudonyms gestattet. Die \nNutzung der im Rahmen des Impressums oder vergleichbarer Angaben \nver\u00f6ffentlichten Kontaktdaten wie Postanschriften, Telefon- und \nFaxnummern sowie Emailadressen durch Dritte zur \u00dcbersendung von nicht \nausdr\u00fccklich angeforderten Informationen ist nicht gestattet. Rechtliche\n Schritte gegen die Versender von sogenannten Spam-Mails bei Verst\u00f6ssen \ngegen dieses Verbot sind ausdr\u00fccklich vorbehalten.<\/p>\n\n\n\n<h5 class=\"wp-block-heading\">5. Rechtswirksamkeit dieses Haftungsausschlusses<\/h5>\n\n\n\n<p>Dieser Haftungsausschluss ist als Teil des \nInternetangebotes zu betrachten, von dem aus auf diese Seite verwiesen \nwurde. Sofern Teile oder einzelne Formulierungen dieses Textes der \ngeltenden Rechtslage nicht, nicht mehr oder nicht vollst\u00e4ndig \nentsprechen sollten, bleiben die \u00fcbrigen Teile des Dokumentes in ihrem \nInhalt und ihrer G\u00fcltigkeit davon unber\u00fchrt.<\/p>\n","protected":false},"excerpt":{"rendered":"<p>Stephan Krines E-Mail: webmaster@krines.org Homepage: www.krines.org Haftungsausschluss 1. Inhalt des Onlineangebotes Der Autor \u00fcbernimmt keinerlei Gew\u00e4hr f\u00fcr die Aktualit\u00e4t, Korrektheit, Vollst\u00e4ndigkeit oder Qualit\u00e4t der bereitgestellten Informationen. Haftungsanspr\u00fcche gegen den Autor, welche sich auf Sch\u00e4den materieller oder ideeller Art beziehen, die durch die Nutzung oder Nichtnutzung der dargebotenen Informationen bzw. durch die Nutzung fehlerhafter und unvollst\u00e4ndiger &hellip; <\/p>\n<p class=\"link-more\"><a href=\"http:\/\/krines.org\/?page_id=21\" class=\"more-link\"><span class=\"screen-reader-text\">\u201eImpressum\u201c <\/span>weiterlesen<\/a><\/p>\n","protected":false},"author":1,"featured_media":0,"parent":0,"menu_order":0,"comment_status":"closed","ping_status":"closed","template":"","meta":{"footnotes":""},"class_list":["post-21","page","type-page","status-publish","hentry"],"_links":{"self":[{"href":"http:\/\/krines.org\/index.php?rest_route=\/wp\/v2\/pages\/21","targetHints":{"allow":["GET"]}}],"collection":[{"href":"http:\/\/krines.org\/index.php?rest_route=\/wp\/v2\/pages"}],"about":[{"href":"http:\/\/krines.org\/index.php?rest_route=\/wp\/v2\/types\/page"}],"author":[{"embeddable":true,"href":"http:\/\/krines.org\/index.php?rest_route=\/wp\/v2\/users\/1"}],"replies":[{"embeddable":true,"href":"http:\/\/krines.org\/index.php?rest_route=%2Fwp%2Fv2%2Fcomments&post=21"}],"version-history":[{"count":2,"href":"http:\/\/krines.org\/index.php?rest_route=\/wp\/v2\/pages\/21\/revisions"}],"predecessor-version":[{"id":1626,"href":"http:\/\/krines.org\/index.php?rest_route=\/wp\/v2\/pages\/21\/revisions\/1626"}],"wp:attachment":[{"href":"http:\/\/krines.org\/index.php?rest_route=%2Fwp%2Fv2%2Fmedia&parent=21"}],"curies":[{"name":"wp","href":"https:\/\/api.w.org\/{rel}","templated":true}]}}